{"id":16368,"date":"2014-03-24T10:54:51","date_gmt":"2014-03-24T10:54:51","guid":{"rendered":"http:\/\/www.handjegezond.nl\/wat-we-doen\/"},"modified":"2017-07-03T17:31:46","modified_gmt":"2017-07-03T17:31:46","slug":"wat-we-doen","status":"publish","type":"page","link":"https:\/\/wp-handjegezond.nl.testappcomm.nl\/de\/wat-we-doen\/","title":{"rendered":"\u00dcber uns"},"content":{"rendered":"<div class=\"wpb-content-wrapper\"><p>[vc_row css_animation=&#8220;&#8220; row_type=&#8220;row&#8220; use_row_as_full_screen_section=&#8220;no&#8220; type=&#8220;grid&#8220; angled_section=&#8220;no&#8220; text_align=&#8220;left&#8220; background_image_as_pattern=&#8220;without_pattern&#8220; background_color=&#8220;#ffffff&#8220; border_color=&#8220;#eeeeee&#8220; padding_top=&#8220;73&#8243; padding_bottom=&#8220;0&#8243;][vc_column][custom_font font_family=&#8220;&#8222;Open Sans&#8222;, sans-serif&#8220; font_size=&#8220;34&#8243; line_height=&#8220;26&#8243; font_style=&#8220;normal&#8220; text_align=&#8220;left&#8220; font_weight=&#8220;300&#8243; text_decoration=&#8220;none&#8220; text_shadow=&#8220;no&#8220; color=&#8220;#9e1d71&#8243;]\u00dcber uns[\/custom_font][vc_separator type=&#8220;transparent&#8220; up=&#8220;15&#8243; down=&#8220;15&#8243;][vc_column_text]Die Leidenschaft f\u00fcr Blaubeeren ist in unserer Familie Tradition. Gleichzeitig legen wir Wert darauf, unser Produkt durch Innovationen immer weiter zu verbessern.<\/p>\n<p>Wir entwickeln neue Blaubeer-Produkte um unsere Kunden immer wieder mit der ges\u00fcndesten Beere der Niederlande zu \u00fcberraschen.<\/p>\n<p>&nbsp;<\/p>\n<p>Auf unserer Plantage am Rande des Limburgse Peel, ein Naturschutzgebiet mit bezaubernder Moorlandschaft, gibt es f\u00fcr unsere Beeren die allerbesten Bedingungen.<\/p>\n<p>In unserem einladenden Gartencafe k\u00f6nnen Sie Blaubeerkuchen und andere Beeren-K\u00f6stlichkeiten genie\u00dfen. Frisch gest\u00e4rkt k\u00f6nnen Sie anschlie\u00dfend auf unserer Plantage auch selber einen Eimer Blaubeeren pfl\u00fccken.[\/vc_column_text][vc_separator type=&#8220;transparent&#8220; up=&#8220;31&#8243; down=&#8220;19&#8243;][vc_row_inner row_type=&#8220;row&#8220; type=&#8220;full_width&#8220; text_align=&#8220;left&#8220; css_animation=&#8220;&#8220;][vc_column_inner width=&#8220;1\/2&#8243;][vc_column_text]<strong>Blaubeeren<br \/>\n<\/strong>Wir bieten Ihnen das ganze Jahr \u00fcber Blaubeeren von bester Qualit\u00e4t, in der Saison direkt frisch vom Land. Im Sommer haben wir zehn verschiedene Blaubeersorten im Angebot, f\u00fcr jeden Geschmack und jeden Bedarf die richtige Beere.<br \/>\nUnsere Blaubeeren sind die Grundlage f\u00fcr unsere weiteren leckere Blaubeerprodukte: von Marmelade, Sirup, Bonbons bis zu Wein oder Bier.<br \/>\nSie k\u00f6nnen unsere Produkte einzeln kaufen, aber wir stellen f\u00fcr Sie auch attraktive Geschenk- und Weihnachtspakete zusammen. Dabei gehen wir gerne auf Ihre individuellen W\u00fcnsche ein.[\/vc_column_text][vc_separator type=&#8220;transparent&#8220; up=&#8220;93&#8243; down=&#8220;0&#8243;][\/vc_column_inner][vc_column_inner width=&#8220;1\/2&#8243;][vc_separator type=&#8220;transparent&#8220; up=&#8220;1&#8243; down=&#8220;0&#8243;][vc_single_image image=&#8220;16063&#8243; img_size=&#8220;full&#8220; qode_css_animation=&#8220;&#8220;][vc_separator type=&#8220;transparent&#8220; up=&#8220;93&#8243; down=&#8220;0&#8243;][\/vc_column_inner][\/vc_row_inner][\/vc_column][\/vc_row][vc_row css_animation=&#8220;&#8220; row_type=&#8220;row&#8220; use_row_as_full_screen_section=&#8220;no&#8220; type=&#8220;full_width&#8220; angled_section=&#8220;no&#8220; text_align=&#8220;left&#8220; background_image_as_pattern=&#8220;without_pattern&#8220;][vc_column][action full_width=&#8220;yes&#8220; content_in_grid=&#8220;yes&#8220; type=&#8220;normal&#8220; text_font_weight=&#8220;&#8220; show_button=&#8220;yes&#8220; button_size=&#8220;medium&#8220; button_target=&#8220;_self&#8220; button_text=&#8220;Nehmen Sie Kontakt mit uns auf!&#8220; button_link=&#8220;\/de\/contact\/&#8220; button_border_color=&#8220;#303030&#8243; background_color=&#8220;#f8f8f8&#8243; button_background_color=&#8220;#303030&#8243; text_size=&#8220;16&#8243;]<span style=\"color: #ffffff;\"><span style=\"color: #333333; line-height: 1.5em;\">M\u00f6chten Sie mehr \u00fcber uns wissen?<\/span><\/span>[\/action][\/vc_column][\/vc_row]<\/p>\n<\/div>","protected":false},"excerpt":{"rendered":"<p>[vc_row css_animation=&#8220;&#8220; row_type=&#8220;row&#8220; use_row_as_full_screen_section=&#8220;no&#8220; type=&#8220;grid&#8220; angled_section=&#8220;no&#8220; text_align=&#8220;left&#8220; background_image_as_pattern=&#8220;without_pattern&#8220; background_color=&#8220;#ffffff&#8220; border_color=&#8220;#eeeeee&#8220; padding_top=&#8220;73&#8243; padding_bottom=&#8220;0&#8243;][vc_column][custom_font font_family=&#8220;&#8222;Open Sans&#8222;, sans-serif&#8220; font_size=&#8220;34&#8243; line_height=&#8220;26&#8243; font_style=&#8220;normal&#8220; text_align=&#8220;left&#8220; font_weight=&#8220;300&#8243; text_decoration=&#8220;none&#8220; text_shadow=&#8220;no&#8220; color=&#8220;#9e1d71&#8243;]\u00dcber uns[\/custom_font][vc_separator type=&#8220;transparent&#8220; up=&#8220;15&#8243; down=&#8220;15&#8243;][vc_column_text]Die Leidenschaft f\u00fcr Blaubeeren ist in unserer Familie Tradition. Gleichzeitig legen wir Wert darauf, unser Produkt durch Innovationen immer&#8230;<\/p>\n","protected":false},"author":1,"featured_media":0,"parent":0,"menu_order":0,"comment_status":"open","ping_status":"open","template":"full_width.php","meta":{"footnotes":""},"class_list":["post-16368","page","type-page","status-publish","hentry"],"_links":{"self":[{"href":"https:\/\/wp-handjegezond.nl.testappcomm.nl\/de\/wp-json\/wp\/v2\/pages\/16368","targetHints":{"allow":["GET"]}}],"collection":[{"href":"https:\/\/wp-handjegezond.nl.testappcomm.nl\/de\/wp-json\/wp\/v2\/pages"}],"about":[{"href":"https:\/\/wp-handjegezond.nl.testappcomm.nl\/de\/wp-json\/wp\/v2\/types\/page"}],"author":[{"embeddable":true,"href":"https:\/\/wp-handjegezond.nl.testappcomm.nl\/de\/wp-json\/wp\/v2\/users\/1"}],"replies":[{"embeddable":true,"href":"https:\/\/wp-handjegezond.nl.testappcomm.nl\/de\/wp-json\/wp\/v2\/comments?post=16368"}],"version-history":[{"count":9,"href":"https:\/\/wp-handjegezond.nl.testappcomm.nl\/de\/wp-json\/wp\/v2\/pages\/16368\/revisions"}],"predecessor-version":[{"id":16425,"href":"https:\/\/wp-handjegezond.nl.testappcomm.nl\/de\/wp-json\/wp\/v2\/pages\/16368\/revisions\/16425"}],"wp:attachment":[{"href":"https:\/\/wp-handjegezond.nl.testappcomm.nl\/de\/wp-json\/wp\/v2\/media?parent=16368"}],"curies":[{"name":"wp","href":"https:\/\/api.w.org\/{rel}","templated":true}]}}