{"id":16348,"date":"2017-06-20T10:15:35","date_gmt":"2017-06-20T10:15:35","guid":{"rendered":"http:\/\/www.handjegezond.nl\/?page_id=16348"},"modified":"2017-06-27T07:32:42","modified_gmt":"2017-06-27T07:32:42","slug":"home","status":"publish","type":"page","link":"https:\/\/wp-handjegezond.nl.testappcomm.nl\/de\/","title":{"rendered":"Home"},"content":{"rendered":"<div class=\"wpb-content-wrapper\"><p>[vc_row css_animation=&#8220;&#8220; row_type=&#8220;row&#8220; use_row_as_full_screen_section=&#8220;no&#8220; type=&#8220;full_width&#8220; angled_section=&#8220;no&#8220; text_align=&#8220;left&#8220; background_image=&#8220;16049&#8243; background_image_as_pattern=&#8220;with_pattern&#8220; background_color=&#8220;#ffffff&#8220; border_color=&#8220;#eeeeee&#8220; css=&#8220;.vc_custom_1494930869959{background-image: url(http:\/\/handjegezond.nl\/wp-content\/uploads\/2014\/04\/strip-top.png?id=16049) !important;background-position: 0 0 !important;background-repeat: repeat !important;}&#8220;][vc_column][vc_empty_space height=&#8220;50px&#8220;][\/vc_column][\/vc_row][vc_row css_animation=&#8220;&#8220; row_type=&#8220;row&#8220; use_row_as_full_screen_section=&#8220;no&#8220; type=&#8220;grid&#8220; anchor=&#8220;portfolio&#8220; angled_section=&#8220;no&#8220; text_align=&#8220;left&#8220; background_image_as_pattern=&#8220;without_pattern&#8220; background_color=&#8220;#ffffff&#8220; border_color=&#8220;#eeeeee&#8220; padding_top=&#8220;73&#8243; padding_bottom=&#8220;0&#8243; css=&#8220;.vc_custom_1493650121944{background-image: url(http:\/\/handjegezond.nl\/wp-content\/uploads\/2014\/04\/background-maintop.png?id=16053) !important;}&#8220;][vc_column][vc_column_text css=&#8220;.vc_custom_1498548637129{padding-right: 10% !important;padding-left: 10% !important;}&#8220;]<\/p>\n<h1 style=\"text-align: left;\">\u201eHandje Gezond\u201c: Die leckersten Blaubeeren aus Limburg<\/h1>\n<p>[\/vc_column_text][vc_separator type=&#8220;transparent&#8220; up=&#8220;15&#8243; down=&#8220;10&#8243;][vc_column_text css=&#8220;.vc_custom_1498548443665{padding-right: 10% !important;padding-left: 10% !important;}&#8220; el_class=&#8220;merriweather&#8220;]Die leckersten Blaubeeren aus dem Limburger Peel f\u00fcr Sie zu z\u00fcchten, ist die Leidenschaft von Familie De Kleijne von \u201eHandje gezond\u201c.<br \/>\n\u201eHandje gezond\u201c &#8211; \u00fcbersetzt etwa \u201eeine gesunde Handvoll\u201c. So nennt der Niederl\u00e4nder einen kleinen, gesunden Obstsnack f\u00fcr zwischendurch. Genie\u00dfen Sie eine Handvoll unserer blauer Beeren und Ihre Gesundheit wird von den Antioxidanten, Mineralien und Vitamine profitieren.<\/p>\n<p>Lernen Sie unsere aller leckersten Blaubeeren kennen, besuchen Sie unsere Plantage in der N\u00e4he von Venray, oder bestellen Sie unsere k\u00f6stlichen und gesunden Produkte in unserem Webshop.[\/vc_column_text][vc_separator type=&#8220;transparent&#8220; up=&#8220;45&#8243; down=&#8220;18&#8243;][\/vc_column][\/vc_row][vc_row row_type=&#8220;parallax&#8220; parallax_content_width=&#8220;in_grid&#8220; anchor=&#8220;portfolio&#8220; text_align=&#8220;left&#8220; background_image=&#8220;16314&#8243; full_screen_section_height=&#8220;no&#8220; section_height=&#8220;460&#8243;][vc_column][vc_separator type=&#8220;transparent&#8220; up=&#8220;80&#8243; down=&#8220;0&#8243;][vc_column_text]<\/p>\n<h2 style=\"text-align: center; font-size: 60px;\"><span style=\"color: #ffffff;\">\u00dcber uns<\/span><\/h2>\n<p>[\/vc_column_text][vc_separator type=&#8220;small&#8220; position=&#8220;center&#8220; color=&#8220;#ffffff&#8220; up=&#8220;20&#8243; down=&#8220;20&#8243;][vc_column_text]<\/p>\n<p style=\"text-align: center; font-size: 16px;\"><span style=\"color: #ffffff;\">Die Leidenschaft f\u00fcr Blaubeeren ist in unserer Familie Tradition. Gleichzeitig legen wir Wert darauf, unser Produkt durch Innovationen immer weiter zu verbessern.<br \/>\nWir entwickeln neue Blaubeer-Produkte um unsere Kunden immer wieder mit der ges\u00fcndeste Beere der Niederlande zu \u00fcberraschen.<\/span><\/p>\n<p>[\/vc_column_text][vc_separator type=&#8220;transparent&#8220; up=&#8220;45&#8243; down=&#8220;19&#8243;][vc_row_inner row_type=&#8220;row&#8220; type=&#8220;full_width&#8220; text_align=&#8220;center&#8220; css_animation=&#8220;&#8220; el_id=&#8220;button-row&#8220;][vc_column_inner][button size=&#8220;large&#8220; target=&#8220;_self&#8220; hover_type=&#8220;default&#8220; font_weight=&#8220;300&#8243; text_align=&#8220;center&#8220; text=&#8220;Weiter lesen &gt;&#8220; color=&#8220;#ffffff&#8220; background_color=&#8220;#9e1d71&#8243; border_color=&#8220;#9e1d71&#8243; hover_color=&#8220;#9e1d71&#8243; hover_background_color=&#8220;#ffffff&#8220; hover_border_color=&#8220;#ffffff&#8220; link=&#8220;\/de\/wat-we-doen\/&#8220;][\/vc_column_inner][\/vc_row_inner][\/vc_column][\/vc_row][vc_row css_animation=&#8220;&#8220; row_type=&#8220;row&#8220; use_row_as_full_screen_section=&#8220;no&#8220; type=&#8220;full_width&#8220; angled_section=&#8220;no&#8220; text_align=&#8220;left&#8220; background_image_as_pattern=&#8220;without_pattern&#8220; background_color=&#8220;#f8f8f8&#8243; border_color=&#8220;#eeeeee&#8220; padding_top=&#8220;0&#8243; el_id=&#8220;footer-cta&#8220;][vc_column][action full_width=&#8220;yes&#8220; content_in_grid=&#8220;yes&#8220; type=&#8220;normal&#8220; text_font_weight=&#8220;&#8220; show_button=&#8220;yes&#8220; button_target=&#8220;_blank&#8220; button_text=&#8220;Kontakt&#8220; background_image=&#8220;16074&#8243; button_text_color=&#8220;#000000&#8243; button_hover_text_color=&#8220;#9e1d71&#8243; button_background_color=&#8220;#ffffff&#8220; button_hover_background_color=&#8220;#ffffff&#8220; button_border_color=&#8220;#ffffff&#8220; button_hover_border_color=&#8220;#ffffff&#8220; button_link=&#8220;\/de\/contact\/&#8220;]M\u00f6chten Sie mehr \u00fcber uns wissen?[\/action][\/vc_column][\/vc_row]<\/p>\n<\/div>","protected":false},"excerpt":{"rendered":"<p>[vc_row css_animation=&#8220;&#8220; row_type=&#8220;row&#8220; use_row_as_full_screen_section=&#8220;no&#8220; type=&#8220;full_width&#8220; angled_section=&#8220;no&#8220; text_align=&#8220;left&#8220; background_image=&#8220;16049&#8243; background_image_as_pattern=&#8220;with_pattern&#8220; background_color=&#8220;#ffffff&#8220; border_color=&#8220;#eeeeee&#8220; css=&#8220;.vc_custom_1494930869959{background-image: url(http:\/\/handjegezond.nl\/wp-content\/uploads\/2014\/04\/strip-top.png?id=16049) !important;background-position: 0 0 !important;background-repeat: repeat !important;}&#8220;][vc_column][vc_empty_space height=&#8220;50px&#8220;][\/vc_column][\/vc_row][vc_row css_animation=&#8220;&#8220; row_type=&#8220;row&#8220; use_row_as_full_screen_section=&#8220;no&#8220; type=&#8220;grid&#8220; anchor=&#8220;portfolio&#8220; angled_section=&#8220;no&#8220; text_align=&#8220;left&#8220; background_image_as_pattern=&#8220;without_pattern&#8220; background_color=&#8220;#ffffff&#8220; border_color=&#8220;#eeeeee&#8220; padding_top=&#8220;73&#8243; padding_bottom=&#8220;0&#8243; css=&#8220;.vc_custom_1493650121944{background-image: url(http:\/\/handjegezond.nl\/wp-content\/uploads\/2014\/04\/background-maintop.png?id=16053) !important;}&#8220;][vc_column][vc_column_text css=&#8220;.vc_custom_1498548637129{padding-right: 10% !important;padding-left: 10% !important;}&#8220;] \u201eHandje Gezond\u201c: Die leckersten Blaubeeren&#8230;<\/p>\n","protected":false},"author":2,"featured_media":0,"parent":0,"menu_order":0,"comment_status":"open","ping_status":"open","template":"full_width.php","meta":{"footnotes":""},"class_list":["post-16348","page","type-page","status-publish","hentry"],"_links":{"self":[{"href":"https:\/\/wp-handjegezond.nl.testappcomm.nl\/de\/wp-json\/wp\/v2\/pages\/16348","targetHints":{"allow":["GET"]}}],"collection":[{"href":"https:\/\/wp-handjegezond.nl.testappcomm.nl\/de\/wp-json\/wp\/v2\/pages"}],"about":[{"href":"https:\/\/wp-handjegezond.nl.testappcomm.nl\/de\/wp-json\/wp\/v2\/types\/page"}],"author":[{"embeddable":true,"href":"https:\/\/wp-handjegezond.nl.testappcomm.nl\/de\/wp-json\/wp\/v2\/users\/2"}],"replies":[{"embeddable":true,"href":"https:\/\/wp-handjegezond.nl.testappcomm.nl\/de\/wp-json\/wp\/v2\/comments?post=16348"}],"version-history":[{"count":7,"href":"https:\/\/wp-handjegezond.nl.testappcomm.nl\/de\/wp-json\/wp\/v2\/pages\/16348\/revisions"}],"predecessor-version":[{"id":16388,"href":"https:\/\/wp-handjegezond.nl.testappcomm.nl\/de\/wp-json\/wp\/v2\/pages\/16348\/revisions\/16388"}],"wp:attachment":[{"href":"https:\/\/wp-handjegezond.nl.testappcomm.nl\/de\/wp-json\/wp\/v2\/media?parent=16348"}],"curies":[{"name":"wp","href":"https:\/\/api.w.org\/{rel}","templated":true}]}}